{"id":65,"date":"2025-03-25T08:29:23","date_gmt":"2025-03-25T08:29:23","guid":{"rendered":"https:\/\/pv-plant-design.com\/?page_id=65"},"modified":"2026-02-25T11:06:32","modified_gmt":"2026-02-25T10:06:32","slug":"disclaimer","status":"publish","type":"page","link":"https:\/\/pv-plant-design.com\/de\/disclaimer\/","title":{"rendered":"Haftungsausschluss"},"content":{"rendered":"<div class=\"wp-block-group alignfull has-vertical-secondary-to-tertiary-gradient-background has-background has-global-padding is-layout-constrained wp-block-group-is-layout-constrained\">\n<h2 class=\"wp-block-heading has-text-align-center\"><strong>Haftungsausschluss<\/strong><\/h2>\n\n\n\n<p>Disclaimer &#8211; last updated: January 24, 2026<\/p>\n\n\n\n<h3 class=\"wp-block-heading has-text-align-center has-x-large-font-size\">Interpretation and Definitions<\/h3>\n\n\n\n<h4 class=\"wp-block-heading has-text-align-center has-large-font-size\">Interpretation<\/h4>\n\n\n\n<p>The words of which the initial letter is capitalized have meanings defined under the following conditions.<br>The following definitions shall have the same meaning regardless of whether they appear in singular or in plural.<\/p>\n\n\n\n<h4 class=\"wp-block-heading has-text-align-center has-large-font-size\">Definitions<\/h4>\n\n\n\n<p>For the purposes of this Disclaimer:<\/p>\n\n\n\n<ul class=\"wp-block-list\">\n<li><strong>Company<\/strong>&nbsp;(referred to as either \u201cthe Company\u201d, \u201cWe\u201d, \u201cUs\u201d or \u201cOur\u201d in this Disclaimer) refers to<br>PV Plant Design powered by SR Value Creation, Ren\u00e9 Neubauer, Johanna-Kollegger-Stra\u00dfe 16\/9, 8020 Graz, AUSTRIA<\/li>\n\n\n\n<li><strong>Service<\/strong>&nbsp;refers to the Website.<\/li>\n\n\n\n<li><strong>You<\/strong>&nbsp;means the individual accessing the Service, or the company, or other legal entity on behalf of which such individual is accessing or using the Service, as applicable.<\/li>\n\n\n\n<li>This <strong>Website<\/strong>&nbsp;refers to&nbsp;PV Plant Design powered by SR Value Creation, Ren\u00e9 Neubauer, and is accessible from&nbsp;www.pv-plant-design.com.<\/li>\n<\/ul>\n\n\n\n<h3 class=\"wp-block-heading has-text-align-center\">Haftungsausschluss<\/h3>\n\n\n\n<p>The information contained on the Service is for general information purposes only.<\/p>\n\n\n\n<p>The Company assumes no responsibility for errors or omissions in the contents of the Service.<\/p>\n\n\n\n<p>In no event shall the Company be liable for any special, direct, indirect, consequential, or incidental damages or any damages whatsoever, whether in an action of contract, negligence or other tort, arising out of or in connection with the use of the Service or the contents of the Service. The Company reserves the right to make additions, deletions, or modifications to the contents on the Service at any time without prior notice.&nbsp;<\/p>\n\n\n\n<p>The Company does not warrant that the Service is free of viruses or other harmful components.<\/p>\n\n\n\n<h3 class=\"wp-block-heading has-text-align-center has-x-large-font-size\">External Links Disclaimer<\/h3>\n\n\n\n<p>The Service may contain links to external websites that are not provided or maintained by or in any way affiliated with the Company.<\/p>\n\n\n\n<p>Please note that the Company does not guarantee the accuracy, relevance, timeliness, or completeness of any information on these external websites.<\/p>\n\n\n\n<h3 class=\"wp-block-heading has-text-align-center has-x-large-font-size\">Errors and Omissions Disclaimer<\/h3>\n\n\n\n<p>The information given by the Service is for general guidance on matters of interest only. Even if the Company takes every precaution to ensure that the content of the Service is both current and accurate, errors can occur. Plus, given the changing nature of laws, rules and regulations, there may be delays, omissions or inaccuracies in the information contained on the Service.<\/p>\n\n\n\n<p>The Company is not responsible for any errors or omissions, or for the results obtained from the use of this information.<\/p>\n\n\n\n<h3 class=\"wp-block-heading has-text-align-center has-x-large-font-size\">Fair Use Disclaimer<\/h3>\n\n\n\n<p>The Company may use copyrighted material which has not always been specifically authorized by the copyright owner. The Company is making such material available for criticism, comment, news reporting, teaching, scholarship, or research.<\/p>\n\n\n\n<p>The Company believes this constitutes a \u201cfair use\u201d of any such copyrighted material as provided for in section 107 of the United States Copyright law.<\/p>\n\n\n\n<p>If You wish to use copyrighted material from the Service for your own purposes that go beyond fair use, You must obtain permission from the copyright owner.<\/p>\n\n\n\n<h3 class=\"wp-block-heading has-text-align-center has-x-large-font-size\">Views Expressed Disclaimer<\/h3>\n\n\n\n<p>The Service may contain views and opinions which are those of the authors and do not necessarily reflect the official policy or position of any other author, agency, organization, employer or company, including the Company.<\/p>\n\n\n\n<p>Comments published by users are their sole responsibility and the users will take full responsibility, liability and blame for any libel or litigation that results from something written in or as a direct result of something written in a comment. The Company is not liable for any comment published by users and reserves the right to delete any comment for any reason whatsoever.<\/p>\n\n\n\n<h3 class=\"wp-block-heading has-text-align-center has-x-large-font-size\">No Responsibility Disclaimer<\/h3>\n\n\n\n<p>The information on the Service is provided with the understanding that the Company is not herein engaged in rendering legal, accounting, tax, or other professional advice and services. As such, it should not be used as a substitute for consultation with professional accounting, tax, legal or other competent advisers.<\/p>\n\n\n\n<p>In no event shall the Company or its suppliers be liable for any special, incidental, indirect, or consequential damages whatsoever arising out of or in connection with your access or use or inability to access or use the Service.<\/p>\n\n\n\n<h3 class=\"wp-block-heading has-text-align-center has-x-large-font-size\">\u201cUse at Your Own Risk\u201d Disclaimer<\/h3>\n\n\n\n<p>All information in the Service is provided \u201cas is\u201d, with no guarantee of completeness, accuracy, timeliness or of the results obtained from the use of this information, and without warranty of any kind, express or implied, including, but not limited to warranties of performance, merchantability and fitness for a particular purpose.<\/p>\n\n\n\n<p>The Company will not be liable to You or anyone else for any decision made or action taken in reliance on the information given by the Service or for any consequential, special or similar damages, even if advised of the possibility of such damages.<\/p>\n\n\n\n<h3 class=\"wp-block-heading has-x-large-font-size\">Contact Us<\/h3>\n\n\n\n<p>If you have any questions about this Disclaimer, You can contact Us by email:&nbsp;<strong><a href=\"mailto:contact@pv-plant-design.com\" target=\"_blank\" rel=\"noopener\" title=\"E-Mail\">E-Mail<\/a><\/strong><\/p>\n\n\n\n<div style=\"height:59px\" aria-hidden=\"true\" class=\"wp-block-spacer\"><\/div>\n\n\n\n<h2 class=\"wp-block-heading has-text-align-center has-custom-color-3-color has-text-color has-link-color wp-elements-d0f79374cfe9b4e203d0f9cd48ca7e13\">Haftungsausschluss<\/h2>\n\n\n\n<p>Letzte Aktualisierung: 24. Januar 2026<\/p>\n\n\n\n<h3 class=\"wp-block-heading has-text-align-center has-custom-color-3-color has-text-color has-link-color has-x-large-font-size wp-elements-e4bb8111431e751212560780be111262\">Interpretation und Definitionen<\/h3>\n\n\n\n<h4 class=\"wp-block-heading has-text-align-center has-custom-color-3-color has-text-color has-link-color has-large-font-size wp-elements-e2fe2f9ce837bf3361c6d9163a1a5514\">Interpretation<\/h4>\n\n\n\n<p>Die W\u00f6rter, deren Anfangsbuchstabe gro\u00dfgeschrieben ist, haben unter folgenden Bedingungen definierte Bedeutungen. Die folgenden Definitionen haben dieselbe Bedeutung, unabh\u00e4ngig davon, ob sie im Singular oder im Plural erscheinen.<\/p>\n\n\n\n<h4 class=\"wp-block-heading has-text-align-center has-custom-color-3-color has-text-color has-link-color has-large-font-size wp-elements-15135b0c39ecc5d3afb75fde5cecc6e3\">Definitionen<\/h4>\n\n\n\n<p>F\u00fcr die Zwecke dieses Haftungsausschlusses:<\/p>\n\n\n\n<ul class=\"wp-block-list\">\n<li><strong>Unternehmen <\/strong>&nbsp;(in diesem Haftungsausschluss entweder als &#8220;das Unternehmen&#8221;, &#8220;Wir&#8221;, &#8220;Wir&#8221; oder &#8220;Unser&#8221; bezeichnet) bezieht sich auf<br>PV Plant Design powered by SR Value Creation, Ren\u00e9 Neubauer, Johanna-Kollegger-Stra\u00dfe 16\/9, 8020 Graz, \u00d6STERREICH<\/li>\n\n\n\n<li><strong>Service<\/strong> bezieht sich auf die Website.<\/li>\n\n\n\n<li><strong>Sie <\/strong>meinen die Person, die den Dienst nutzt, oder das Unternehmen oder eine andere juristische Person, f\u00fcr die diese Person den Dienst nutzt, je nach Anwendung.<\/li>\n\n\n\n<li>Diese <strong>Website<\/strong> bezieht sich auf PV Plant Design powered by SR Value Creation, Ren\u00e9 Neubauer, und ist von www.pv-plant-design.com aus zug\u00e4nglich <a href=\"https:\/\/pv-plant-design.com\/de\/\"><\/a><\/li>\n<\/ul>\n\n\n\n<h3 class=\"wp-block-heading has-text-align-center has-custom-color-3-color has-text-color has-link-color has-x-large-font-size wp-elements-4609cf0687ae9c00262a2b6bdf6a824a\">Haftungsausschluss<\/h3>\n\n\n\n<p>Die auf dem Dienst enthaltenen Informationen dienen ausschlie\u00dflich allgemeinen Informationszwecken.<\/p>\n\n\n\n<p>Das Unternehmen \u00fcbernimmt keine Verantwortung f\u00fcr Fehler oder Auslassungen im Inhalt des Services.<\/p>\n\n\n\n<p>Unter keinen Umst\u00e4nden haftet das Unternehmen f\u00fcr besondere, direkte, indirekte, Folgesch\u00e4den oder Nebensch\u00e4den oder jegliche Sch\u00e4den jeglicher Art, sei es durch Vertragshandlungen, Fahrl\u00e4ssigkeit oder eine andere unerlaubte Haftung, die sich aus oder im Zusammenhang mit der Nutzung des Dienstes oder des Inhalts des Dienstes ergibt. Das Unternehmen beh\u00e4lt sich das Recht vor, jederzeit ohne vorherige Ank\u00fcndigung Erg\u00e4nzungen, L\u00f6schungen oder \u00c4nderungen an den Inhalten des Dienstes vorzunehmen.<\/p>\n\n\n\n<p>Das Unternehmen garantiert nicht, dass der Service frei von Viren oder anderen sch\u00e4dlichen Komponenten ist.<\/p>\n\n\n\n<h3 class=\"wp-block-heading has-text-align-center has-custom-color-3-color has-text-color has-link-color has-x-large-font-size wp-elements-babf6e2588c1aaca5aa331d594fda68c\">Externe Links Haftungsausschluss<\/h3>\n\n\n\n<p>Der Dienst kann Links zu externen Websites enthalten, die nicht von dem Unternehmen bereitgestellt oder gepflegt werden oder in irgendeiner Weise mit dem Unternehmen verbunden sind.<\/p>\n\n\n\n<p>Bitte beachten Sie, dass das Unternehmen keine Garantie f\u00fcr die Genauigkeit, Relevanz, Aktualit\u00e4t oder Vollst\u00e4ndigkeit jeglicher Informationen auf diesen externen Webseiten \u00fcbernimmt.<\/p>\n\n\n\n<h3 class=\"wp-block-heading has-text-align-center has-custom-color-3-color has-text-color has-link-color has-x-large-font-size wp-elements-866fd1faf83db9dc69905a55ee6b865d\">Haftungsausschluss zu Fehlern und Unterlassungen<\/h3>\n\n\n\n<p>Die vom Dienst bereitgestellten Informationen dienen ausschlie\u00dflich der allgemeinen Orientierung in Angelegenheiten von Interesse. Selbst wenn das Unternehmen alle Vorsichtsma\u00dfnahmen trifft, um sicherzustellen, dass der Inhalt des Dienstes sowohl aktuell als auch korrekt ist, k\u00f6nnen Fehler auftreten. Au\u00dferdem kann es aufgrund der sich \u00e4ndernden Art von Gesetzen, Regeln und Vorschriften zu Verz\u00f6gerungen, Auslassungen oder Ungenauigkeiten in den auf dem Dienst enthaltenen Informationen kommen.<\/p>\n\n\n\n<p>Das Unternehmen \u00fcbernimmt keine Verantwortung f\u00fcr Fehler oder Auslassungen oder f\u00fcr die aus der Nutzung dieser Informationen erzielten Ergebnisse.<\/p>\n\n\n\n<h3 class=\"wp-block-heading has-text-align-center has-custom-color-3-color has-text-color has-link-color has-x-large-font-size wp-elements-3644f92b0f75ce8e51fe2f9dfb97c2f0\">Fair-Use-Haftungsausschluss<\/h3>\n\n\n\n<p>Das Unternehmen darf urheberrechtlich gesch\u00fctztes Material verwenden, das nicht immer ausdr\u00fccklich vom Urheberrechtsinhaber genehmigt wurde. Das Unternehmen stellt solches Material f\u00fcr Kritik, Kommentare, Nachrichtenberichte, Lehre, Wissenschaft oder Forschung zur Verf\u00fcgung.<\/p>\n\n\n\n<p>Das Unternehmen ist der Ansicht, dass dies eine &#8220;faire Nutzung&#8221; von solchem urheberrechtlich gesch\u00fctztem Material darstellt, wie es in Abschnitt 107 des US-Urheberrechtsgesetzes vorgesehen ist.<\/p>\n\n\n\n<p>Wenn Sie urheberrechtlich gesch\u00fctztes Material des Dienstes f\u00fcr eigene Zwecke verwenden m\u00f6chten, die \u00fcber Fair Use hinausgehen, m\u00fcssen Sie die Erlaubnis des Urheberrechtsinhabers einholen.<\/p>\n\n\n\n<h3 class=\"wp-block-heading has-text-align-center has-custom-color-3-color has-text-color has-link-color has-x-large-font-size wp-elements-7370e6ee81299c45dfa4f2b3bcbc5bac\">Ge\u00e4u\u00dferte Ansichten Haftungsausschluss<\/h3>\n\n\n\n<p>Der Service kann Ansichten und Meinungen enthalten, die denen der Autoren entsprechen und nicht notwendigerweise die offizielle Richtlinie oder Position eines anderen Autors, einer Agentur, Organisation, eines Arbeitgebers oder Unternehmens, einschlie\u00dflich des Unternehmens, widerspiegeln.<\/p>\n\n\n\n<p>Von Nutzern ver\u00f6ffentlichte Kommentare liegen in ihrer alleinigen Verantwortung, und die Nutzer \u00fcbernehmen die volle Verantwortung, Haftung und Schuld f\u00fcr jegliche Verleumdung oder Rechtsstreitigkeit, die sich aus etwas Geschriebenem oder als direkte Folge eines Kommentars ergeben. Das Unternehmen haftet nicht f\u00fcr Kommentare von Nutzern und beh\u00e4lt sich das Recht vor, jeden Kommentar aus irgendeinem Grund zu l\u00f6schen.<\/p>\n\n\n\n<h3 class=\"wp-block-heading has-text-align-center has-custom-color-3-color has-text-color has-link-color has-x-large-font-size wp-elements-e92b49f19a77ac543997be5ace944c1a\">Haftungsausschluss ohne Verantwortung<\/h3>\n\n\n\n<p>Die Informationen \u00fcber den Service werden unter dem Verst\u00e4ndnis bereitgestellt, dass das Unternehmen hiermit nicht in rechtlicher, buchhalterischer, steuerlicher oder anderer professioneller Beratung und Dienstleistungen t\u00e4tig ist. Daher sollte sie nicht als Ersatz f\u00fcr die Beratung durch professionelle Berater aus der Buchhaltung, im Steuerwesen, im Bereich Rechtswissenschaften oder andere kompetente Berater verwendet werden.<\/p>\n\n\n\n<p>In keinem Fall haften das Unternehmen oder seine Lieferanten f\u00fcr besondere, beil\u00e4ufige, indirekte oder daraus resultierende Sch\u00e4den, die aus oder im Zusammenhang mit Ihrem Zugriff, Ihrer Nutzung oder der Unf\u00e4higkeit, den Dienst zu nutzen oder zu nutzen, entstehen.<\/p>\n\n\n\n<h3 class=\"wp-block-heading has-text-align-center has-custom-color-3-color has-text-color has-link-color has-x-large-font-size wp-elements-32491a919df4672aaf3cd55a2d882297\">Haftungsausschluss &#8220;Nutzung auf eigene Gefahr&#8221;<\/h3>\n\n\n\n<p>Alle Informationen im Dienst werden &#8220;wie sie sind&#8221; bereitgestellt, ohne jegliche Garantie f\u00fcr Vollst\u00e4ndigkeit, Genauigkeit, Aktualit\u00e4t oder die Ergebnisse der Nutzung dieser Informationen, und ohne jegliche Garantie, ausdr\u00fccklich oder stillschweigend, einschlie\u00dflich, aber nicht beschr\u00e4nkt auf Gew\u00e4hrleistungen, Verkaufbarkeit und Eignung f\u00fcr einen bestimmten Zweck.<\/p>\n\n\n\n<p>Das Unternehmen haftet Ihnen oder sonst jemandem nicht f\u00fcr Entscheidungen oder Handlungen, die sich auf die vom Service bereitgestellten Informationen st\u00fctzen, oder f\u00fcr eventuelle Folge-, Sonder- oder \u00e4hnliche Sch\u00e4den, selbst wenn sie auf die M\u00f6glichkeit solcher Sch\u00e4den hingewiesen wurde.<\/p>\n\n\n\n<h3 class=\"wp-block-heading has-text-align-center has-custom-color-3-color has-text-color has-link-color has-x-large-font-size wp-elements-8dc21d42de4e993baa2542e01a975118\">Kontaktieren Sie uns<\/h3>\n\n\n\n<p>Wenn Sie Fragen zu diesem Haftungsausschluss haben, k\u00f6nnen Sie uns per E-Mail kontaktieren: <a href=\"mailto:contact@pv-plant-design.com\" target=\"_blank\" rel=\"noreferrer noopener\"><strong>E-Mail<\/strong><\/a><\/p>\n<\/div>","protected":false},"excerpt":{"rendered":"<p>Disclaimer Disclaimer &#8211; last updated: January 24, 2026 Interpretation and Definitions Interpretation The words of which the initial letter is capitalized have meanings defined under the following conditions.The following definitions shall have the same meaning regardless of whether they appear in singular or in plural. Definitions For the purposes of this Disclaimer: Disclaimer The information [&hellip;]<\/p>\n","protected":false},"author":1,"featured_media":0,"parent":0,"menu_order":0,"comment_status":"closed","ping_status":"closed","template":"","meta":{"footnotes":""},"class_list":["post-65","page","type-page","status-publish","hentry"],"aioseo_notices":[],"_links":{"self":[{"href":"https:\/\/pv-plant-design.com\/de\/wp-json\/wp\/v2\/pages\/65","targetHints":{"allow":["GET"]}}],"collection":[{"href":"https:\/\/pv-plant-design.com\/de\/wp-json\/wp\/v2\/pages"}],"about":[{"href":"https:\/\/pv-plant-design.com\/de\/wp-json\/wp\/v2\/types\/page"}],"author":[{"embeddable":true,"href":"https:\/\/pv-plant-design.com\/de\/wp-json\/wp\/v2\/users\/1"}],"replies":[{"embeddable":true,"href":"https:\/\/pv-plant-design.com\/de\/wp-json\/wp\/v2\/comments?post=65"}],"version-history":[{"count":20,"href":"https:\/\/pv-plant-design.com\/de\/wp-json\/wp\/v2\/pages\/65\/revisions"}],"predecessor-version":[{"id":1611,"href":"https:\/\/pv-plant-design.com\/de\/wp-json\/wp\/v2\/pages\/65\/revisions\/1611"}],"wp:attachment":[{"href":"https:\/\/pv-plant-design.com\/de\/wp-json\/wp\/v2\/media?parent=65"}],"curies":[{"name":"wp","href":"https:\/\/api.w.org\/{rel}","templated":true}]}}